{"id":1532,"date":"2025-06-17T15:15:59","date_gmt":"2025-06-17T13:15:59","guid":{"rendered":"https:\/\/neurohiveai.agency\/?page_id=1532"},"modified":"2025-07-30T15:19:41","modified_gmt":"2025-07-30T13:19:41","slug":"contacts","status":"publish","type":"page","link":"https:\/\/neurohiveai.agency\/pl\/contacts\/","title":{"rendered":"Kontakty"},"content":{"rendered":"\t\t<div data-elementor-type=\"wp-page\" data-elementor-id=\"1532\" class=\"elementor elementor-1532 elementor-825\" data-elementor-post-type=\"page\">\n\t\t\t\t<div class=\"elementor-element elementor-element-5927e62 e-flex e-con-boxed e-con e-parent\" data-id=\"5927e62\" data-element_type=\"container\" data-settings=\"{&quot;jet_parallax_layout_list&quot;:[],&quot;background_background&quot;:&quot;classic&quot;}\">\n\t\t\t\t\t<div class=\"e-con-inner\">\n\t\t<div class=\"elementor-element elementor-element-acb6574 e-con-full e-flex e-con e-child\" data-id=\"acb6574\" data-element_type=\"container\" data-settings=\"{&quot;jet_parallax_layout_list&quot;:[]}\">\n\t\t\t\t<div class=\"elementor-element elementor-element-356a171 elementor-widget__width-inherit elementor-align-left elementor-widget elementor-widget-breadcrumbs\" data-id=\"356a171\" data-element_type=\"widget\" data-widget_type=\"breadcrumbs.default\">\n\t\t\t\t<div class=\"elementor-widget-container\">\n\t\t\t\t\t<p id=\"breadcrumbs\"><span><span><a href=\"https:\/\/neurohiveai.agency\/pl\/\">G\u0142\u00f3wna<\/a><\/span><\/span><\/p>\t\t\t\t<\/div>\n\t\t\t\t<\/div>\n\t\t\t\t<div class=\"elementor-element elementor-element-7fd3037 elementor-widget elementor-widget-heading\" data-id=\"7fd3037\" data-element_type=\"widget\" data-widget_type=\"heading.default\">\n\t\t\t\t<div class=\"elementor-widget-container\">\n\t\t\t\t\t<h1 class=\"elementor-heading-title elementor-size-default\">Uzyskaj bezp\u0142atn\u0105 konsultacj\u0119 AI<\/h1>\t\t\t\t<\/div>\n\t\t\t\t<\/div>\n\t\t\t\t<div class=\"elementor-element elementor-element-76df099 elementor-widget elementor-widget-text-editor\" data-id=\"76df099\" data-element_type=\"widget\" data-widget_type=\"text-editor.default\">\n\t\t\t\t<div class=\"elementor-widget-container\">\n\t\t\t\t\t\t\t\t\t<p>Odkryj, jak sztuczna inteligencja mo\u017ce zwi\u0119kszy\u0107 wydajno\u015b\u0107 Twojego biznesu. Dowiedzmy si\u0119 razem, jak NeuroHive AI mo\u017ce usprawni\u0107 Twoje procesy operacyjne.<\/p>\t\t\t\t\t\t\t\t<\/div>\n\t\t\t\t<\/div>\n\t\t<div class=\"elementor-element elementor-element-8bef949 e-con-full e-flex e-con e-child\" data-id=\"8bef949\" data-element_type=\"container\" data-settings=\"{&quot;background_background&quot;:&quot;classic&quot;,&quot;jet_parallax_layout_list&quot;:[]}\">\n\t\t\t\t<div class=\"elementor-element elementor-element-5d248ea elementor-widget elementor-widget-heading\" data-id=\"5d248ea\" data-element_type=\"widget\" data-widget_type=\"heading.default\">\n\t\t\t\t<div class=\"elementor-widget-container\">\n\t\t\t\t\t<h3 class=\"elementor-heading-title elementor-size-default\">+40% produktywno\u015bci<\/h3>\t\t\t\t<\/div>\n\t\t\t\t<\/div>\n\t\t\t\t<div class=\"elementor-element elementor-element-2481606 elementor-widget__width-initial elementor-widget-tablet__width-initial elementor-widget-mobile__width-initial elementor-widget elementor-widget-heading\" data-id=\"2481606\" data-element_type=\"widget\" data-widget_type=\"heading.default\">\n\t\t\t\t<div class=\"elementor-widget-container\">\n\t\t\t\t\t<p class=\"elementor-heading-title elementor-size-default\">Zwi\u0119ksz produktywno\u015b\u0107 o 40% dzi\u0119ki automatyzacji AI<\/p>\t\t\t\t<\/div>\n\t\t\t\t<\/div>\n\t\t\t\t<\/div>\n\t\t<div class=\"elementor-element elementor-element-f9ddc95 e-con-full e-flex e-con e-child\" data-id=\"f9ddc95\" data-element_type=\"container\" data-settings=\"{&quot;background_background&quot;:&quot;classic&quot;,&quot;jet_parallax_layout_list&quot;:[]}\">\n\t\t\t\t<div class=\"elementor-element elementor-element-d00c0c0 elementor-widget elementor-widget-heading\" data-id=\"d00c0c0\" data-element_type=\"widget\" data-widget_type=\"heading.default\">\n\t\t\t\t<div class=\"elementor-widget-container\">\n\t\t\t\t\t<h3 class=\"elementor-heading-title elementor-size-default\">Prosta automatyzacja<\/h3>\t\t\t\t<\/div>\n\t\t\t\t<\/div>\n\t\t\t\t<div class=\"elementor-element elementor-element-6aa7288 elementor-widget__width-initial elementor-widget-tablet__width-initial elementor-widget-mobile__width-initial elementor-widget elementor-widget-heading\" data-id=\"6aa7288\" data-element_type=\"widget\" data-widget_type=\"heading.default\">\n\t\t\t\t<div class=\"elementor-widget-container\">\n\t\t\t\t\t<p class=\"elementor-heading-title elementor-size-default\">Automatyzuj rutynowe procesy z \u0142atwo\u015bci\u0105<\/p>\t\t\t\t<\/div>\n\t\t\t\t<\/div>\n\t\t\t\t<\/div>\n\t\t<div class=\"elementor-element elementor-element-e867961 e-con-full e-flex e-con e-child\" data-id=\"e867961\" data-element_type=\"container\" data-settings=\"{&quot;background_background&quot;:&quot;classic&quot;,&quot;jet_parallax_layout_list&quot;:[]}\">\n\t\t\t\t<div class=\"elementor-element elementor-element-253022f elementor-widget elementor-widget-heading\" data-id=\"253022f\" data-element_type=\"widget\" data-widget_type=\"heading.default\">\n\t\t\t\t<div class=\"elementor-widget-container\">\n\t\t\t\t\t<h3 class=\"elementor-heading-title elementor-size-default\">Spersonalizowane rozwi\u0105zania<\/h3>\t\t\t\t<\/div>\n\t\t\t\t<\/div>\n\t\t\t\t<div class=\"elementor-element elementor-element-57813b3 elementor-widget__width-initial elementor-widget-tablet__width-initial elementor-widget-mobile__width-initial elementor-widget elementor-widget-heading\" data-id=\"57813b3\" data-element_type=\"widget\" data-widget_type=\"heading.default\">\n\t\t\t\t<div class=\"elementor-widget-container\">\n\t\t\t\t\t<p class=\"elementor-heading-title elementor-size-default\">Spersonalizowane rozwi\u0105zania AI dla Twojego biznesu<\/p>\t\t\t\t<\/div>\n\t\t\t\t<\/div>\n\t\t\t\t<\/div>\n\t\t<div class=\"elementor-element elementor-element-e053cec e-con-full e-flex e-con e-child\" data-id=\"e053cec\" data-element_type=\"container\" data-settings=\"{&quot;background_background&quot;:&quot;classic&quot;,&quot;jet_parallax_layout_list&quot;:[]}\">\n\t\t\t\t<div class=\"elementor-element elementor-element-918e074 elementor-widget elementor-widget-heading\" data-id=\"918e074\" data-element_type=\"widget\" data-widget_type=\"heading.default\">\n\t\t\t\t<div class=\"elementor-widget-container\">\n\t\t\t\t\t<h3 class=\"elementor-heading-title elementor-size-default\">Zgodne z RODO<\/h3>\t\t\t\t<\/div>\n\t\t\t\t<\/div>\n\t\t\t\t<div class=\"elementor-element elementor-element-bb09879 elementor-widget__width-initial elementor-widget-tablet__width-initial elementor-widget-mobile__width-initial elementor-widget elementor-widget-heading\" data-id=\"bb09879\" data-element_type=\"widget\" data-widget_type=\"heading.default\">\n\t\t\t\t<div class=\"elementor-widget-container\">\n\t\t\t\t\t<p class=\"elementor-heading-title elementor-size-default\">Zgodne z RODO i bezpieczne dane<\/p>\t\t\t\t<\/div>\n\t\t\t\t<\/div>\n\t\t\t\t<\/div>\n\t\t\t\t<\/div>\n\t\t<div class=\"elementor-element elementor-element-68592f5 e-con-full e-flex e-con e-child\" data-id=\"68592f5\" data-element_type=\"container\" data-settings=\"{&quot;jet_parallax_layout_list&quot;:[],&quot;background_background&quot;:&quot;classic&quot;}\">\n\t\t<div class=\"elementor-element elementor-element-2b34b0f e-flex e-con-boxed e-con e-child\" data-id=\"2b34b0f\" data-element_type=\"container\" data-settings=\"{&quot;jet_parallax_layout_list&quot;:[]}\">\n\t\t\t\t\t<div class=\"e-con-inner\">\n\t\t\t\t<div class=\"elementor-element elementor-element-d450ff2 elementor-widget elementor-widget-heading\" data-id=\"d450ff2\" data-element_type=\"widget\" data-widget_type=\"heading.default\">\n\t\t\t\t<div class=\"elementor-widget-container\">\n\t\t\t\t\t<div class=\"elementor-heading-title elementor-size-default\">Formularz kontaktowy<\/div>\t\t\t\t<\/div>\n\t\t\t\t<\/div>\n\t\t\t\t<div class=\"elementor-element elementor-element-52eb955 elementor-widget__width-initial elementor-widget elementor-widget-heading\" data-id=\"52eb955\" data-element_type=\"widget\" data-widget_type=\"heading.default\">\n\t\t\t\t<div class=\"elementor-widget-container\">\n\t\t\t\t\t<div class=\"elementor-heading-title elementor-size-default\">Wype\u0142nij poni\u017cszy formularz, a my skontaktujemy si\u0119 z Tob\u0105 w ci\u0105gu 24 godzin.<\/div>\t\t\t\t<\/div>\n\t\t\t\t<\/div>\n\t\t\t\t<div class=\"elementor-element elementor-element-da6c30b elementor-button-align-stretch elementor-widget elementor-widget-form\" data-id=\"da6c30b\" data-element_type=\"widget\" data-settings=\"{&quot;step_next_label&quot;:&quot;Next&quot;,&quot;step_previous_label&quot;:&quot;Previous&quot;,&quot;button_width&quot;:&quot;100&quot;,&quot;step_type&quot;:&quot;number_text&quot;,&quot;step_icon_shape&quot;:&quot;circle&quot;}\" data-widget_type=\"form.default\">\n\t\t\t\t<div class=\"elementor-widget-container\">\n\t\t\t\t\t\t\t<form class=\"elementor-form\" method=\"post\" id=\"app_form\" name=\"Formularz kontaktowy\" aria-label=\"Formularz kontaktowy\">\n\t\t\t<input type=\"hidden\" name=\"post_id\" value=\"1532\"\/>\n\t\t\t<input type=\"hidden\" name=\"form_id\" value=\"da6c30b\"\/>\n\t\t\t<input type=\"hidden\" name=\"referer_title\" value=\"NeuroHive\" \/>\n\n\t\t\t\n\t\t\t<div class=\"elementor-form-fields-wrapper elementor-labels-above\">\n\t\t\t\t\t\t\t\t<div class=\"elementor-field-type-text elementor-field-group elementor-column elementor-field-group-name elementor-col-100 elementor-field-required elementor-mark-required\">\n\t\t\t\t\t\t\t\t\t\t\t\t\t<input size=\"1\" type=\"text\" name=\"form_fields[name]\" id=\"form-field-name\" class=\"elementor-field elementor-size-sm  elementor-field-textual\" placeholder=\"Imi\u0119 i nazwisko *\" required=\"required\">\n\t\t\t\t\t\t\t\t\t\t\t<\/div>\n\t\t\t\t\t\t\t\t<div class=\"elementor-field-type-email elementor-field-group elementor-column elementor-field-group-email elementor-col-100 elementor-field-required elementor-mark-required\">\n\t\t\t\t\t\t\t\t\t\t\t\t\t<input size=\"1\" type=\"email\" name=\"form_fields[email]\" id=\"form-field-email\" class=\"elementor-field elementor-size-sm  elementor-field-textual\" placeholder=\"Adres e-mail firmowy *\" required=\"required\">\n\t\t\t\t\t\t\t\t\t\t\t<\/div>\n\t\t\t\t\t\t\t\t<div class=\"elementor-field-type-text elementor-field-group elementor-column elementor-field-group-company elementor-col-100\">\n\t\t\t\t\t\t\t\t\t\t\t\t\t<input size=\"1\" type=\"text\" name=\"form_fields[company]\" id=\"form-field-company\" class=\"elementor-field elementor-size-sm  elementor-field-textual\" placeholder=\"Nazwa firmy (opcjonalnie)\">\n\t\t\t\t\t\t\t\t\t\t\t<\/div>\n\t\t\t\t\t\t\t\t<div class=\"elementor-field-type-url elementor-field-group elementor-column elementor-field-group-website elementor-col-100\">\n\t\t\t\t\t\t\t\t\t\t\t\t\t<input size=\"1\" type=\"url\" name=\"form_fields[website]\" id=\"form-field-website\" class=\"elementor-field elementor-size-sm  elementor-field-textual\" placeholder=\"Strona internetowa (opcjonalnie)\">\n\t\t\t\t\t\t\t\t\t\t\t<\/div>\n\t\t\t\t\t\t\t\t<div class=\"elementor-field-type-telephone elementor-field-group elementor-column elementor-field-group-tel elementor-col-100 elementor-field-required elementor-mark-required\">\n\t\t\t\t\t\t\t<input dir=\"ltr\" type=\"text\" name=\"change_name_tel\" id=\"form-field-tel\" class=\"elementor-field elementor-size-sm  elementor-field-telephone elementor-field-textual elementor-field-telephone-us yee-ltr\" required=\"required\" data-pre=\"ua|pl|gb\" data-excludeCountries=\"\" data-onlyct=\"\" data-defcountry=\"pl\" data-hide_flag=\"\" data-hide_code=\"\" data-validation=\"yes\" data-name=\"tel\" data-telephone_search=\"\" >\n\t\t<input onkeydown=\"return \/[0-9]|\\(|\\)|\\+|-|BACKSPACE\/i.test(event.key)\" type=\"hidden\" class=\"phone_check\" name=\"form_fields[tel_check]\" value=\"\" >\n\t\t\t\t\t\t<\/div>\n\t\t\t\t\t\t\t\t<div class=\"elementor-field-type-acceptance elementor-field-group elementor-column elementor-field-group-gdpr elementor-col-100 elementor-field-required elementor-mark-required\">\n\t\t\t\t\t\t\t<div class=\"elementor-field-subgroup\">\n\t\t\t<span class=\"elementor-field-option\">\n\t\t\t\t<input type=\"checkbox\" name=\"form_fields[gdpr]\" id=\"form-field-gdpr\" class=\"elementor-field elementor-size-sm  elementor-acceptance-field\" required=\"required\" checked=\"checked\">\n\t\t\t\t<label for=\"form-field-gdpr\">\u00abWyra\u017cam zgod\u0119 na <a href=\"https:\/\/neurohiveai.agency\/pl\/terms-of-service\/\">regulamin \u015bwiadczenia us\u0142ug<\/a> oraz <a href=\"https:\/\/neurohiveai.agency\/pl\/privacy-policy\/\">polityk\u0119 prywatno\u015bci<\/a>.\u00bb\n<\/label>\t\t\t<\/span>\n\t\t<\/div>\n\t\t\t\t\t\t<\/div>\n\t\t\t\t\t\t\t\t<div class=\"elementor-field-type-recaptcha_v3 elementor-field-group elementor-column elementor-field-group-recaptcha elementor-col-100 recaptcha_v3-bottomright\">\n\t\t\t\t\t<div class=\"elementor-field\" id=\"form-field-recaptcha\"><div class=\"elementor-g-recaptcha\" data-sitekey=\"6LeLkG4rAAAAAEB6KQJeC88XOnFskb-VDKnttgur\" data-type=\"v3\" data-action=\"Form\" data-badge=\"bottomright\" data-size=\"invisible\"><\/div><\/div>\t\t\t\t<\/div>\n\t\t\t\t\t\t\t\t<div class=\"elementor-field-group elementor-column elementor-field-type-submit elementor-col-100 e-form__buttons\">\n\t\t\t\t\t<button class=\"elementor-button elementor-size-sm\" type=\"submit\">\n\t\t\t\t\t\t<span class=\"elementor-button-content-wrapper\">\n\t\t\t\t\t\t\t\t\t\t\t\t\t\t\t<span class=\"elementor-button-icon\">\n\t\t\t\t\t\t\t\t\t<svg xmlns=\"http:\/\/www.w3.org\/2000\/svg\" id=\"uuid-74277a9c-c824-4a93-8d12-0fc792519251\" data-name=\"&#x428;&#x430;&#x440; 2\" viewBox=\"0 0 34.47 34\"><g id=\"uuid-238fbf87-9686-46c3-9bed-c8f12ec77c04\" data-name=\"&#x428;&#x430;&#x440; 1\"><path d=\"m11.66,34v-2.84c5.69-.19,11.35-.38,17.19-.57C19.17,21.02,9.61,11.57,0,2.09.98,1.18,1.67.54,2.25,0c9.5,9.37,19.08,18.81,28.7,28.31.22-5.63.45-11.28.67-16.96h2.84c0,.36.01.68,0,.99-.24,6.38-.48,12.77-.73,19.15-.05,1.37-.47,1.8-1.84,1.85-6.47.23-12.95.44-19.42.66-.23,0-.47,0-.8,0Z\"><\/path><\/g><\/svg>\t\t\t\t\t\t\t\t\t\t\t\t\t\t\t\t\t<\/span>\n\t\t\t\t\t\t\t\t\t\t\t\t\t\t\t\t\t\t\t\t\t\t<span class=\"elementor-button-text\">Wy\u015blij formularz<\/span>\n\t\t\t\t\t\t\t\t\t\t\t\t\t<\/span>\n\t\t\t\t\t<\/button>\n\t\t\t\t<\/div>\n\t\t\t<\/div>\n\t\t<\/form>\n\t\t\t\t\t\t<\/div>\n\t\t\t\t<\/div>\n\t\t\t\t\t<\/div>\n\t\t\t\t<\/div>\n\t\t\t\t<\/div>\n\t\t\t\t\t<\/div>\n\t\t\t\t<\/div>\n\t\t\t\t<\/div>\n\t\t","protected":false},"excerpt":{"rendered":"<p>Uzyskaj bezp\u0142atn\u0105 konsultacj\u0119 AI Odkryj, jak sztuczna inteligencja mo\u017ce zwi\u0119kszy\u0107 wydajno\u015b\u0107 Twojego biznesu. Dowiedzmy si\u0119 razem, jak NeuroHive AI mo\u017ce usprawni\u0107 Twoje procesy operacyjne. +40% produktywno\u015bci Zwi\u0119ksz produktywno\u015b\u0107 o 40% dzi\u0119ki automatyzacji AI Prosta automatyzacja Automatyzuj rutynowe procesy z \u0142atwo\u015bci\u0105 Spersonalizowane rozwi\u0105zania Spersonalizowane rozwi\u0105zania AI dla Twojego biznesu Zgodne z RODO Zgodne z RODO i [&hellip;]<\/p>\n","protected":false},"author":1,"featured_media":0,"parent":0,"menu_order":0,"comment_status":"closed","ping_status":"closed","template":"","meta":{"footnotes":""},"class_list":["post-1532","page","type-page","status-publish","hentry"],"yoast_head":"<!-- This site is optimized with the Yoast SEO Premium plugin v25.2 (Yoast SEO v25.9) - https:\/\/yoast.com\/wordpress\/plugins\/seo\/ -->\n<title>Kontakty - NeuroHive<\/title>\n<meta name=\"description\" content=\"NeuroHive -\" \/>\n<meta name=\"robots\" content=\"index, follow, max-snippet:-1, max-image-preview:large, max-video-preview:-1\" \/>\n<link rel=\"canonical\" href=\"https:\/\/neurohiveai.agency\/pl\/contacts\/\" \/>\n<meta property=\"og:locale\" content=\"pl_PL\" \/>\n<meta property=\"og:type\" content=\"article\" \/>\n<meta property=\"og:title\" content=\"Kontakty\" \/>\n<meta property=\"og:description\" content=\"NeuroHive -\" \/>\n<meta property=\"og:url\" content=\"https:\/\/neurohiveai.agency\/pl\/contacts\/\" \/>\n<meta property=\"og:site_name\" content=\"NeuroHive\" \/>\n<meta property=\"article:publisher\" content=\"https:\/\/www.facebook.com\/profile.php?id=61575728307064\" \/>\n<meta property=\"article:modified_time\" content=\"2025-07-30T13:19:41+00:00\" \/>\n<meta name=\"twitter:card\" content=\"summary_large_image\" \/>\n<meta name=\"twitter:label1\" content=\"Szacowany czas czytania\" \/>\n\t<meta name=\"twitter:data1\" content=\"1 minuta\" \/>\n<script type=\"application\/ld+json\" class=\"yoast-schema-graph\">{\"@context\":\"https:\/\/schema.org\",\"@graph\":[{\"@type\":\"WebPage\",\"@id\":\"https:\/\/neurohiveai.agency\/pl\/contacts\/\",\"url\":\"https:\/\/neurohiveai.agency\/pl\/contacts\/\",\"name\":\"Kontakty - NeuroHive\",\"isPartOf\":{\"@id\":\"https:\/\/neurohiveai.agency\/pl\/#website\"},\"datePublished\":\"2025-06-17T13:15:59+00:00\",\"dateModified\":\"2025-07-30T13:19:41+00:00\",\"description\":\"NeuroHive -\",\"breadcrumb\":{\"@id\":\"https:\/\/neurohiveai.agency\/pl\/contacts\/#breadcrumb\"},\"inLanguage\":\"pl-PL\",\"potentialAction\":[{\"@type\":\"ReadAction\",\"target\":[\"https:\/\/neurohiveai.agency\/pl\/contacts\/\"]}]},{\"@type\":\"BreadcrumbList\",\"@id\":\"https:\/\/neurohiveai.agency\/pl\/contacts\/#breadcrumb\",\"itemListElement\":[{\"@type\":\"ListItem\",\"position\":1,\"name\":\"G\u0142\u00f3wna\",\"item\":\"https:\/\/neurohiveai.agency\/pl\/\"},{\"@type\":\"ListItem\",\"position\":2,\"name\":\"Kontakty\"}]},{\"@type\":\"WebSite\",\"@id\":\"https:\/\/neurohiveai.agency\/pl\/#website\",\"url\":\"https:\/\/neurohiveai.agency\/pl\/\",\"name\":\"NeuroHive AI | Business process automation\",\"description\":\"AI automation\",\"publisher\":{\"@id\":\"https:\/\/neurohiveai.agency\/pl\/#organization\"},\"alternateName\":\"NeuroHive\",\"potentialAction\":[{\"@type\":\"SearchAction\",\"target\":{\"@type\":\"EntryPoint\",\"urlTemplate\":\"https:\/\/neurohiveai.agency\/pl\/?s={search_term_string}\"},\"query-input\":{\"@type\":\"PropertyValueSpecification\",\"valueRequired\":true,\"valueName\":\"search_term_string\"}}],\"inLanguage\":\"pl-PL\"},{\"@type\":\"Organization\",\"@id\":\"https:\/\/neurohiveai.agency\/pl\/#organization\",\"name\":\"NeuroHive AI | Business process automation\",\"alternateName\":\"NeuroHive\",\"url\":\"https:\/\/neurohiveai.agency\/pl\/\",\"logo\":{\"@type\":\"ImageObject\",\"inLanguage\":\"pl-PL\",\"@id\":\"https:\/\/neurohiveai.agency\/pl\/#\/schema\/logo\/image\/\",\"url\":\"https:\/\/neurohiveai.agency\/wp-content\/uploads\/2025\/06\/512-icon.png\",\"contentUrl\":\"https:\/\/neurohiveai.agency\/wp-content\/uploads\/2025\/06\/512-icon.png\",\"width\":512,\"height\":512,\"caption\":\"NeuroHive AI | Business process automation\"},\"image\":{\"@id\":\"https:\/\/neurohiveai.agency\/pl\/#\/schema\/logo\/image\/\"},\"sameAs\":[\"https:\/\/www.facebook.com\/profile.php?id=61575728307064\",\"https:\/\/www.linkedin.com\/company\/neuro-hive-ai\/?viewAsMember=true\"],\"description\":\"We create thoughtful, tailored, and high-impact solutions designed specifically for your business.\",\"email\":\"vadym.klius@neurohiveai.io\",\"telephone\":\"+48 509 980 939\",\"legalName\":\"NeuroHive AI\",\"publishingPrinciples\":\"https:\/\/neurohiveai.agency\/terms-of-service\/\",\"actionableFeedbackPolicy\":\"https:\/\/neurohiveai.agency\/refund_returns\/\",\"correctionsPolicy\":\"https:\/\/neurohiveai.agency\/cookie-policy\/\",\"ethicsPolicy\":\"https:\/\/neurohiveai.agency\/terms-of-service\/\"}]}<\/script>\n<!-- \/ Yoast SEO Premium plugin. -->","yoast_head_json":{"title":"Kontakty - NeuroHive","description":"NeuroHive -","robots":{"index":"index","follow":"follow","max-snippet":"max-snippet:-1","max-image-preview":"max-image-preview:large","max-video-preview":"max-video-preview:-1"},"canonical":"https:\/\/neurohiveai.agency\/pl\/contacts\/","og_locale":"pl_PL","og_type":"article","og_title":"Kontakty","og_description":"NeuroHive -","og_url":"https:\/\/neurohiveai.agency\/pl\/contacts\/","og_site_name":"NeuroHive","article_publisher":"https:\/\/www.facebook.com\/profile.php?id=61575728307064","article_modified_time":"2025-07-30T13:19:41+00:00","twitter_card":"summary_large_image","twitter_misc":{"Szacowany czas czytania":"1 minuta"},"schema":{"@context":"https:\/\/schema.org","@graph":[{"@type":"WebPage","@id":"https:\/\/neurohiveai.agency\/pl\/contacts\/","url":"https:\/\/neurohiveai.agency\/pl\/contacts\/","name":"Kontakty - NeuroHive","isPartOf":{"@id":"https:\/\/neurohiveai.agency\/pl\/#website"},"datePublished":"2025-06-17T13:15:59+00:00","dateModified":"2025-07-30T13:19:41+00:00","description":"NeuroHive -","breadcrumb":{"@id":"https:\/\/neurohiveai.agency\/pl\/contacts\/#breadcrumb"},"inLanguage":"pl-PL","potentialAction":[{"@type":"ReadAction","target":["https:\/\/neurohiveai.agency\/pl\/contacts\/"]}]},{"@type":"BreadcrumbList","@id":"https:\/\/neurohiveai.agency\/pl\/contacts\/#breadcrumb","itemListElement":[{"@type":"ListItem","position":1,"name":"G\u0142\u00f3wna","item":"https:\/\/neurohiveai.agency\/pl\/"},{"@type":"ListItem","position":2,"name":"Kontakty"}]},{"@type":"WebSite","@id":"https:\/\/neurohiveai.agency\/pl\/#website","url":"https:\/\/neurohiveai.agency\/pl\/","name":"NeuroHive AI | Business process automation","description":"AI automation","publisher":{"@id":"https:\/\/neurohiveai.agency\/pl\/#organization"},"alternateName":"NeuroHive","potentialAction":[{"@type":"SearchAction","target":{"@type":"EntryPoint","urlTemplate":"https:\/\/neurohiveai.agency\/pl\/?s={search_term_string}"},"query-input":{"@type":"PropertyValueSpecification","valueRequired":true,"valueName":"search_term_string"}}],"inLanguage":"pl-PL"},{"@type":"Organization","@id":"https:\/\/neurohiveai.agency\/pl\/#organization","name":"NeuroHive AI | Business process automation","alternateName":"NeuroHive","url":"https:\/\/neurohiveai.agency\/pl\/","logo":{"@type":"ImageObject","inLanguage":"pl-PL","@id":"https:\/\/neurohiveai.agency\/pl\/#\/schema\/logo\/image\/","url":"https:\/\/neurohiveai.agency\/wp-content\/uploads\/2025\/06\/512-icon.png","contentUrl":"https:\/\/neurohiveai.agency\/wp-content\/uploads\/2025\/06\/512-icon.png","width":512,"height":512,"caption":"NeuroHive AI | Business process automation"},"image":{"@id":"https:\/\/neurohiveai.agency\/pl\/#\/schema\/logo\/image\/"},"sameAs":["https:\/\/www.facebook.com\/profile.php?id=61575728307064","https:\/\/www.linkedin.com\/company\/neuro-hive-ai\/?viewAsMember=true"],"description":"We create thoughtful, tailored, and high-impact solutions designed specifically for your business.","email":"vadym.klius@neurohiveai.io","telephone":"+48 509 980 939","legalName":"NeuroHive AI","publishingPrinciples":"https:\/\/neurohiveai.agency\/terms-of-service\/","actionableFeedbackPolicy":"https:\/\/neurohiveai.agency\/refund_returns\/","correctionsPolicy":"https:\/\/neurohiveai.agency\/cookie-policy\/","ethicsPolicy":"https:\/\/neurohiveai.agency\/terms-of-service\/"}]}},"_links":{"self":[{"href":"https:\/\/neurohiveai.agency\/pl\/wp-json\/wp\/v2\/pages\/1532","targetHints":{"allow":["GET"]}}],"collection":[{"href":"https:\/\/neurohiveai.agency\/pl\/wp-json\/wp\/v2\/pages"}],"about":[{"href":"https:\/\/neurohiveai.agency\/pl\/wp-json\/wp\/v2\/types\/page"}],"author":[{"embeddable":true,"href":"https:\/\/neurohiveai.agency\/pl\/wp-json\/wp\/v2\/users\/1"}],"replies":[{"embeddable":true,"href":"https:\/\/neurohiveai.agency\/pl\/wp-json\/wp\/v2\/comments?post=1532"}],"version-history":[{"count":0,"href":"https:\/\/neurohiveai.agency\/pl\/wp-json\/wp\/v2\/pages\/1532\/revisions"}],"wp:attachment":[{"href":"https:\/\/neurohiveai.agency\/pl\/wp-json\/wp\/v2\/media?parent=1532"}],"curies":[{"name":"wp","href":"https:\/\/api.w.org\/{rel}","templated":true}]}}